{"id":215,"date":"2016-10-26T11:15:35","date_gmt":"2016-10-26T11:15:35","guid":{"rendered":"http:\/\/ogrzewania.net.pl\/?page_id=215"},"modified":"2024-08-26T11:56:05","modified_gmt":"2024-08-26T11:56:05","slug":"regulamin-sklepu","status":"publish","type":"page","link":"http:\/\/ogrzewania.net.pl\/en\/regulamin-sklepu","title":{"rendered":"Terms &#038; Condtions"},"content":{"rendered":"REGULAMIN SKLEPU www.ogrzewania.net.pl<\/p>\n<p><strong>1. Informacje og\u00f3lne<\/strong><\/p>\n<p>1.1. W\u0142a\u015bcicielem sklepu jest firma:<\/p>\n<p><strong>CAR STOCK Ryszard P\u0141ATEK<\/strong><\/p>\n<p><strong>Jana Paw\u0142a II 27<\/strong><\/p>\n<p><strong>08-400 Garwolin<\/strong><\/p>\n<p>wpisana do Centralnej Ewidencji i Informacji o Dzia\u0142alno\u015bci Gospodarczej Rzeczypospolitej Polskiej prowadzonej przez ministra w\u0142a\u015bciwego do spraw gospodarki, posiadaj\u0105ca adres miejsca wykonywania dzia\u0142alno\u015bci i adres do dor\u0119cze\u0144: ul. Jana Paw\u0142a II 27, 08-400 Garwolin oraz adres dodatkowego miejsca wykonywania dzia\u0142alno\u015bci: ul. Parysowska 16, 08-400 Garwolin, o numerze NIP 8260000395, REGON 710287207.<\/p>\n<p>1.2. Definicje:<\/p>\n<p>SPRZEDAWCA \u2013 w\u0142a\u015bciciel sklepu<\/p>\n<p>SKLEP INTERNETOWY &#8211; sklep internetowy Sprzedawcy dost\u0119pny pod adresem internetowym: www.ogrzewania.net.pl<\/p>\n<p>KLIENT\u2013 (1)osoba fizyczna posiadaj\u0105ca pe\u0142n\u0105 zdolno\u015b\u0107 do czynno\u015bci prawnych, (2) osoba prawna; albo (3) jednostka organizacyjna nieposiadaj\u0105ca osobowo\u015bci prawnej, kt\u00f3rej ustawa przyznaje zdolno\u015b\u0107 prawn\u0105; &#8211; zawieraj\u0105ca Umow\u0119 Sprzeda\u017cy ze Sprzedawc\u0105.<\/p>\n<p>UMOWA SPRZEDA\u017bY \u2013 umowa sprzeda\u017cy Produktu zawierana mi\u0119dzy Klientem a Sprzedawc\u0105 za po\u015brednictwem Sklepu Internetowego.<\/p>\n<p>REGULAMIN \u2013 niniejszy regulamin Sklepu Internetowego.<\/p>\n<p>DZIE\u0143 ROBOCZY \u2013 jeden dzie\u0144 od poniedzia\u0142ku do pi\u0105tku z wy\u0142\u0105czeniem dni ustawowo wolnych od pracy.<\/p>\n<p>FORMULARZ REJESTRACJI \u2013 formularz dost\u0119pny w Sklepie Internetowym umo\u017cliwiaj\u0105cy utworzenie Konta.<\/p>\n<p>KONTO \u2013 Us\u0142uga Elektroniczna, w kt\u00f3rej gromadzone s\u0105 dane klienta podane przez Us\u0142ugobiorc\u0119 oraz informacje o z\u0142o\u017conych przez niego Zam\u00f3wieniach w Sklepie Internetowym.<\/p>\n<p>FORMULARZ ZAM\u00d3WIENIA \u2013 Us\u0142uga Elektroniczna, umo\u017cliwiaj\u0105ca z\u0142o\u017cenie Zam\u00f3wienia, poprzez dodanie Produkt\u00f3w do elektronicznego koszyka oraz okre\u015blenie sposobu dostawy i p\u0142atno\u015bci.<\/p>\n<p>ZAM\u00d3WIENIE &#8211; o\u015bwiadczenie Klienta sk\u0142adane za pomoc\u0105 Us\u0142ugi elektronicznej dost\u0119pnej w sklepie internetowym i zmierzaj\u0105ce bezpo\u015brednio do zawarcia Umowy Sprzeda\u017cy Produktu ze Sprzedawc\u0105.<\/p>\n<p>KODEKS CYWILNY \u2013 ustawa kodeks cywilny z dnia 23 kwietnia 1964 r. (Dz.U. 1964 nr 16, poz. 93 ze zm.).<\/p>\n<p>PRODUKT \u2013 dost\u0119pna w Sklepie Internetowym rzecz ruchoma b\u0119d\u0105ca przedmiotem Umowy Sprzeda\u017cy mi\u0119dzy Klientem a Sprzedawc\u0105.<\/p>\n<p>USTAWA O PRAWACH KONSUMENTA, USTAWA \u2013 ustawa z dnia 30 maja 2014 r. o prawach konsumenta (Dziennik Ustaw z roku 2014 poz. 827 z p\u00f3\u017aniejszymi zmianami).<\/p>\n<p>1.3.\u00a0Ustawa o Prawach Konsumenta<\/p>\n<p>Sklep Internetowy www.ogrzewania.net.pl przestrzega przepis\u00f3w Ustawy o Prawach Konsumenta. W przypadku ewentualnej niezgodno\u015bci postanowie\u0144 niniejszego Regulaminu z powy\u017cszymi przepisami, pierwsze\u0144stwo maj\u0105 te przepisy i nale\u017cy je stosowa\u0107.<\/p>\n<p><strong>2. Us\u0142ugi elektroniczne \u015bwiadczone za po\u015brednictwem sklepu internetowego:<\/strong><\/p>\n<p>2.1. Konto<\/p>\n<p>W celu\u00a0rozpocz\u0119cia korzystania z us\u0142ugi konta, us\u0142ugobiorca dokonuje procesu rejestracji klikaj\u0105c \u2018MOJE KONTO\u2019 -&gt; \u2018pole Zarejestruj si\u0119\u2019 poprzez nadanie unikalnej nazwy (loginu) oraz has\u0142a. Po zarejestrowaniu u\u017cytkownik ma mo\u017cliwo\u015b\u0107 edycji adres\u00f3w p\u0142atno\u015bci oraz wysy\u0142ki, imienia, nazwiska, nazwy firmy, danych kontaktowych, zmiany has\u0142a dost\u0119pu oraz przegl\u0105dania z\u0142o\u017conych zam\u00f3wie\u0144. Us\u0142uga Konta w sklepie internetowym jest nieodp\u0142atna. Dostarczana jest na czas nieokre\u015blony. Us\u0142ugobiorca ma mo\u017cliwo\u015b\u0107 rezygnacji z us\u0142ugi konta w ka\u017cdej chwili poprzez wys\u0142anie \u017c\u0105dania do Us\u0142ugodawcy poprzez e-mail na adres ogrzewania@car-stock.pl lub tradycyjn\u0105 drog\u0105 pocztow\u0105 na adres W\u0142a\u015bciciela sklepu.<\/p>\n<p>2.2. Formularz zam\u00f3wienia<\/p>\n<p>Us\u0142ugobiorca rozpoczyna korzystanie z us\u0142ugi poprzez dodanie produktu do elektronicznego koszyka. W kolejnym kroku poprzez klikni\u0119cie ZAM\u00d3WIENIE w trybie podgl\u0105dowym koszyka zakup\u00f3w lub \u2018PRZEJD\u0179 DO KASY\u2019 w trybie pe\u0142noekranowym koszyka zakup\u00f3w us\u0142ugobiorca wype\u0142nia kompletny formularz zam\u00f3wienia. Klikni\u0119cie \u2018KUPUJ\u0118 i P\u0141AC\u0118\u2019 ko\u0144czy proces us\u0142ugi formularza zam\u00f3wienia. Us\u0142ugodawca odbiera wiadomo\u015b\u0107 o zam\u00f3wieniu wed\u0142ug wype\u0142nionych danych. Je\u015bli w Formularzu zam\u00f3wienia Klient umie\u015bci nazw\u0119 firmy oraz numer NIP wed\u0142ug zawartych w Formularzu zam\u00f3wienia instrukcji, do ZAM\u00d3WIENIE zostanie wystawiona faktura do\u0142\u0105czona w formie drukowanej do przesy\u0142ki lub wr\u0119czona Klientowi osobi\u015bcie w momencie odbioru ZAM\u00d3WIENIA.<\/p>\n<p><strong>3.\u00a0Zawieranie umowy sprzeda\u017cy<\/strong><\/p>\n<p>Zawarcie umowy sprzeda\u017cy pomi\u0119dzy sprzedawc\u0105 a klientem nast\u0119puje poprzez przej\u015bcie procesu zam\u00f3wienia wed\u0142ug punktu \u201c2.2 Formularz zam\u00f3wienia\u201d. Klient jest informowany o ca\u0142kowitej cenie do zap\u0142aty wraz z podatkiem VAT i kosztami przesy\u0142ki na etapie wype\u0142niania formularza zam\u00f3wienia oraz przed wyra\u017ceniem woli zawarcia umowy sprzeda\u017cy poprzez klikni\u0119cie \u2018KUPUJ\u0118 i P\u0141AC\u0118\u2019 w procesie zam\u00f3wienia. Sprzedawca przyjmuje zam\u00f3wienie do realizacji wysy\u0142aj\u0105c wiadomo\u015b\u0107 email z potwierdzeniem zam\u00f3wienia. W zale\u017cno\u015bci od formy p\u0142atno\u015bci wybranej w procesie zam\u00f3wienia, sprzedawca informuje klienta poprzez wiadomo\u015bci email o zmianie etapu realizacji zam\u00f3wienia.<\/p>\n<p><strong>4. P\u0142atno\u015b\u0107 z tytu\u0142u zawarcia umowy sprzeda\u017cy<\/strong><\/p>\n<p>Dost\u0119pne metody p\u0142atno\u015bci dla Klient\u00f3w na terenie Polski to: p\u0142atno\u015b\u0107 za pobraniem, p\u0142atno\u015b\u0107 got\u00f3wk\u0105 przy odbiorze osobistym, przedp\u0142ata na konto bankowe wed\u0142ug danych znajduj\u0105cych si\u0119 w wiadomo\u015bci potwierdzaj\u0105cej zawarcie umowy sprzeda\u017cy przez strony Sprzedawc\u0119 oraz Klienta. Dost\u0119pne metody p\u0142atno\u015bci dla Klient\u00f3w na terenie Europy: przedp\u0142ata na konto bankowe wed\u0142ug danych znajduj\u0105cych si\u0119 w wiadomo\u015bci potwierdzaj\u0105cej zawarcie umowy sprzeda\u017cy przez strony Sprzedawc\u0119 oraz Klienta lub p\u0142atno\u015b\u0107 got\u00f3wk\u0105 przy odbiorze osobistym. W\u0142a\u015bciciel sklepu\u00a0zastrzega sobie prawo do\u00a0zmiany wysoko\u015bci koszt\u00f3w wysy\u0142ki na terenie Europy w przypadku\u00a0zbyt\u00a0du\u017cego\u00a0zam\u00f3wienia i informuje o tym kupuj\u0105cego drog\u0105 mailow\u0105 lub telefoniczn\u0105. Klient ma prawo do rezygnacji\u00a0z\u00a0zam\u00f3wienia.<\/p>\n<p><strong>5. Dostawa produktu<\/strong><\/p>\n<p>Dostawa produktu do w\u0142a\u015bciciela odbywa si\u0119 poprzez odbi\u00f3r osobisty lub przesy\u0142k\u0105 kuriersk\u0105. Forma ta wybierana jest przez Klienta na etapie wype\u0142niania Formularza zam\u00f3wienia. Na terenie Polski: w przypadku p\u0142atno\u015bci za pobraniem i je\u015bli zam\u00f3wiony produkt znajduje si\u0119 w magazynie, dostawa wynosi od 2- 5 dni roboczych od momentu otrzymania maila z potwierdzeniem z\u0142o\u017cenia zam\u00f3wienia chyba,\u00a0\u017ce na podstronie produktu dodano inn\u0105 informacj\u0119. W przypadku p\u0142atno\u015bci przelewem bankowym, dostawa wynosi od 2- 5 dni roboczych od momentu zaksi\u0119gowania wp\u0142aty na koncie W\u0142a\u015bciciela sklepu chyba,\u00a0\u017ce na podstronie produktu dodano inn\u0105 informacj\u0119. Je\u015bli zam\u00f3wiony produkt nie znajduje si\u0119 jeszcze w magazynie W\u0142a\u015bciciela sklepu, W\u0142a\u015bciciel sklepu informuje klienta drog\u0105 mailow\u0105 o przybli\u017conym czasie realizacji zam\u00f3wienia. W\u0142a\u015bciciel sklepu zastrzega sobie prawo do zmiany d\u0142ugo\u015bci realizacji zam\u00f3wienia z powod\u00f3w niezale\u017cnych od W\u0142a\u015bciciela sklepu np. op\u00f3\u017anienia dostawy ze strony producenta. Poza terenem Polski: W\u0142a\u015bciciel sklepu informuje klienta drog\u0105 mailow\u0105 o przybli\u017conym czasie realizacji zam\u00f3wienia. W\u0142a\u015bciciel sklepu zastrzega sobie prawo do zmiany d\u0142ugo\u015bci realizacji zam\u00f3wienia z powod\u00f3w niezale\u017cnych od W\u0142a\u015bciciela sklepu np. op\u00f3\u017anie\u0144 dostaw ze strony producenta.<\/p>\n<p><strong>6. Reklamacje i zwrot towaru:<\/strong><\/p>\n<p><span style=\"color: #000000;\">6.1.\u00a0Konsument, kt\u00f3ry zawar\u0142 umow\u0119 na odleg\u0142o\u015b\u0107, mo\u017ce w terminie 14 dni kalendarzowych odst\u0105pi\u0107 od niej bez podawania przyczyny i bez ponoszenia koszt\u00f3w, z wyj\u0105tkiem koszt\u00f3w wskazanych poni\u017cej,\u00a0zgodnie z ustaw\u0105 o prawach konsumenta z dnia 30 maja 2014 r. (Dz.U. 2014 r. poz. 827 ze zm.) Konsument ponosi bezpo\u015brednie koszty zwrotu Produktu.\u00a0Proces zwrotu towaru odbywa si\u0119 drog\u0105 elektroniczn\u0105 na adres ogrzewania@car-stock.pl lub telefoniczn\u0105 +48 25 682 48 95.<span class=\"gmail-Apple-converted-space\">\u00a0W celu przeprocesowania<\/span>\u00a0zwrotu towaru, Klient przesy\u0142a o\u015bwiadczenie o odst\u0105pieniu od umowy drog\u0105 elektroniczn\u0105 na adres ogrzewania@car-stock.pl lub przekazuje je drog\u0105 telefoniczn\u0105 pod numerem +48 25 682 48 95.<span class=\"gmail-Apple-converted-space\">\u00a0<\/span>Po otrzymaniu przesy\u0142ki przez W\u0142a\u015bciciela sklepu, zwracamy pieni\u0105dze Klientowi na wskazany numer konta bankowego przes\u0142any drog\u0105 elektroniczn\u0105 na adres ogrzewania@car-stock.pl lub realizujemy zwrot t\u0105 sam\u0105 drog\u0105 jak\u0105 zam\u00f3wienie zosta\u0142o op\u0142acone.<\/span><\/p>\n<p>6.2. Reklamacja mo\u017ce zosta\u0107 z\u0142o\u017cona przez Klienta na przyk\u0142ad: pisemnie na adres: ul. Parysowska 16, 08-400 Garwolin; lub w formie elektronicznej za po\u015brednictwem poczty elektronicznej na adres: ogrzewania@car-stock.pl.<\/p>\n<p>6.3.\u00a0Zalecamy podanie przez Klienta w opisie reklamacji: (1) okoliczno\u015bci przedmiotu reklamacji, w tym\u00a0rodzaju i daty wyst\u0105pienia wady; (2) \u017c\u0105dania sposobu doprowadzenia Produktu do zgodno\u015bci z Umow\u0105 Sprzeda\u017cy, o\u015bwiadczenia o obni\u017ceniu ceny lub odst\u0105pieniu od Umowy Sprzeda\u017cy; oraz (3) danych kontaktowych sk\u0142adaj\u0105cego reklamacj\u0119.<\/p>\n<p>6.4. Sprzedawca ustosunkuje si\u0119 do reklamacji Klienta niezw\u0142ocznie i nie p\u00f3\u017aniej ni\u017c w terminie 14 dni kalendarzowych od dnia jej z\u0142o\u017cenia. Brak ustosunkowania si\u0119 Sprzedawcy w powy\u017cszym terminie oznacza uznanie reklamacji za zasadn\u0105.<\/p>\n<p>6.5. Reklamacje na podstawie uszkodze\u0144 mechanicznych w trakcie transportu zostan\u0105 rozpatrywane jedynie po sprawdzeniu zawarto\u015bci przesy\u0142ki w chwili jej odbioru, a warunkiem przyj\u0119cia reklamacji jest spisanie protoko\u0142u reklamacyjnego z kurierem dostarczaj\u0105cym przesy\u0142k\u0119.<\/p>\n<p>6.6. W razie uzasadnionej reklamacji na podstawie dokumentu zakupu, W\u0142a\u015bciciel sklepu wymieni towar na sprawny na podstawie pisemnej gwarancji producenta.<\/p>\n<p>6.7. Reklamacji nie podlegaj\u0105: wady powsta\u0142e na skutek wykorzystywania towaru niedbale lub niezgodnie z jego przeznaczeniem, towary samodzielnie przerabiane lub nieprawid\u0142owo zainstalowane. Elementy elektroniczne s\u0105 szczeg\u00f3lnie nara\u017cone na zniszczenie w przypadku b\u0142\u0119dnego monta\u017cu. Reklamacja nie jest uwzgl\u0119dniana w przypadku tzw. \u201cspalenia\u201d cz\u0119\u015bci elektronicznej w procesie b\u0142\u0119dnego monta\u017cu.<\/p>\n<p>6.8. W przypadku monta\u017cu w naszym serwisie Klientowi wydana zostaje podpisana karta gwarancyjna producenta.<\/p>\n<p><strong>7. Materia\u0142y i informacje w sklepie internetowym:<\/strong><\/p>\n<p>Nazwy handlowe, nazwy produkt\u00f3w lub inne oznaczenia zamieszczone w naszym sklepie stanowi\u0105 zarejestrowane znaki towarowe i podlegaj\u0105 ochronie na podstawie ustawy z dnia 30.06.2000 r. prawo w\u0142asno\u015bci przemys\u0142owej (Dz. U. Nr 49 poz. 508 z p. zm.). Opisy zamieszczone w naszym sklepie maj\u0105 charakter informacyjny. Korzystanie z materia\u0142\u00f3w zamieszczonych w sklepie oraz ich kopiowanie dla cel\u00f3w komercyjnych jest zastrze\u017cone form\u0105 prawn\u0105. Wyj\u0105tek stanowi\u0105 katalogi tzw. prospekty do pobrania stworzone przez producenta specjalnie do tych cel\u00f3w. W\u0142a\u015bciciel sklepu nie ponosi odpowiedzialno\u015bci za niezgodne z przeznaczeniem wykorzystywanie towaru, niezgodny z zaleceniami producenta lub\u00a0niezgodny z prawem monta\u017c cz\u0119\u015bci. W\u0142a\u015bciciel sklepu oferuje profesjonalne doradztwo w zakresie doboru towaru do potrzeb konsumenta.<\/p>\n<p>W\u0142a\u015bciciel sklepu zastrzega sobie prawo do zmiany cen produkt\u00f3w w dowolnym momencie, co wynikach ze zmieniaj\u0105cych si\u0119 cen producenta.<\/p>\n<p><strong>8. Polityka prywatno\u015bci<\/strong><\/p>\n<p>Sprzedawca zobowi\u0105zuje si\u0119 do post\u0119powania zgodnie z wymaganiami Rozporz\u0105dzenia Parlamentu Europejskiego i Rady (UE) 2016\/679 z dnia 27 kwietnia 2016 r. w sprawie ochrony os\u00f3b fizycznych w zwi\u0105zku z przetwarzaniem danych osobowych i w sprawie swobodnego przep\u0142ywu takich danych (dalej RODO), a tak\u017ce innych powszechnie obowi\u0105zuj\u0105cych przepis\u00f3w prawa dotycz\u0105cych ochrony danych osobowych.<\/p>\n<ol>\n<li>Administratorem Pani\/Pana danych osobowych jest firma Car Stock Ryszard P\u0142atek z siedzib\u0105 pod adresem\u00a0ul.\u00a0Jana Paw\u0142a II 27, 08-400 Garwolin<\/li>\n<li>Dane osobowe klient\u00f3w\u00a0sklepu przetwarzane s\u0105 wy\u0142\u0105cznie w przypadku posiadania przez Sprzedawc\u0119 jednej z dopuszczonych przez RODO podstaw prawnych do ich przetwarzania i wy\u0142\u0105cznie w celu dostosowanym do danej podstawy.<\/li>\n<li>Dane osobowe klient\u00f3w sklepu s\u0105 przetwarzane przez Sprzedawc\u0119 wy\u0142\u0105cznie w celu realizacji umowy sprzeda\u017cy.<\/li>\n<li>Uzyskanych od U\u017cytkownik\u00f3w danych osobowych Sprzedawca nie udost\u0119pnia osobom trzecim, za wyj\u0105tkiem podmiot\u00f3w wsp\u00f3\u0142pracuj\u0105cych z serwisem, tj. firm kurierskich w celu wysy\u0142ki zam\u00f3wienia, firm hostingowych (obs\u0142uga IT sklepu internetowego) oraz firmy PayPro S.A. obs\u0142uguj\u0105cej p\u0142atno\u015bci internetowe. W takich przypadkach ilo\u015b\u0107 danych przekazywanych wsp\u00f3\u0142pracuj\u0105cym z serwisem firmom ograniczona jest do wymaganego minimum.<\/li>\n<li>Klientom sklepu przys\u0142uguj\u0105 nast\u0119puj\u0105ce prawa w zwi\u0105zku z przetwarzaniem przez nas ich danych osobowych:\n<ul>\n<li>prawo dost\u0119pu do swoich danych, w tym uzyskania kopii danych, a tak\u017ce poprawiania danych<\/li>\n<li>prawo wniesienia \u017c\u0105dania zaprzestania przetwarzania danych lub sprzeciwu wobec przetwarzania danych<\/li>\n<\/ul>\n<\/li>\n<li>Informujemy, \u017ce firma Car Stock Ryszard P\u0142atek przetwarza Pa\u0144stwa dane osobowe w postaci imienia, nazwiska, nazwy firmy (opcjonalnie), adresu, adres\u00f3w dostaw, e-mail oraz numeru telefonu. Pa\u0144stwa dane osobowe b\u0119d\u0105 przetwarzane do momentu cofni\u0119cia przez Pa\u0144stwa zgody na ich przetwarzanie.<\/li>\n<\/ol>\n<p><strong>9. Postanowienia ko\u0144cowe:<\/strong><\/p>\n<p>Sprzedawca zastrzega sobie prawo do zmiany Regulaminu. Zmiany wchodz\u0105 w \u017cycie w momencie wyra\u017anie wskazanym przez Sprzedawc\u0119.<\/p>\n<p>Sytuacje nieom\u00f3wione w powy\u017cszym regulaminie s\u0105 rozwi\u0105zywane zgodnie z Kodeksem cywilnym. Niewa\u017cno\u015b\u0107 danych postanowie\u0144 Regulaminu nie narusza skuteczno\u015bci i wa\u017cno\u015bci pozosta\u0142ych.<\/p>\n<p>Zawsze dok\u0142adamy wszelkich stara\u0144, aby nie mia\u0142y miejsca spory pomi\u0119dzy Klientem w W\u0142a\u015bcicielem sklepu. Je\u015bli takie pojawi\u0105 si\u0119, staramy si\u0119 rozwi\u0105za\u0107 je drog\u0105 polubown\u0105.<\/p>\n<p>Regulamin obowi\u0105zuje od dnia 18.02.2017 roku, za wyj\u0105tkiem punktu 8. Informacja o ochronie danych osobowych, kt\u00f3ra obowi\u0105zuje od dnia 25.05.2018 w zwi\u0105zku z wej\u015bciem w \u017cycie RODO.","protected":false},"excerpt":{"rendered":"<p>REGULAMIN SKLEPU www.ogrzewania.net.pl 1. Informacje og\u00f3lne 1.1. W\u0142a\u015bcicielem sklepu jest firma: CAR STOCK Ryszard P\u0141ATEK Jana Paw\u0142a II 27 08-400 Garwolin wpisana &hellip;<\/p>\n","protected":false},"author":3,"featured_media":0,"parent":0,"menu_order":0,"comment_status":"closed","ping_status":"closed","template":"","meta":{"footnotes":""},"_links":{"self":[{"href":"http:\/\/ogrzewania.net.pl\/en\/wp-json\/wp\/v2\/pages\/215"}],"collection":[{"href":"http:\/\/ogrzewania.net.pl\/en\/wp-json\/wp\/v2\/pages"}],"about":[{"href":"http:\/\/ogrzewania.net.pl\/en\/wp-json\/wp\/v2\/types\/page"}],"author":[{"embeddable":true,"href":"http:\/\/ogrzewania.net.pl\/en\/wp-json\/wp\/v2\/users\/3"}],"replies":[{"embeddable":true,"href":"http:\/\/ogrzewania.net.pl\/en\/wp-json\/wp\/v2\/comments?post=215"}],"version-history":[{"count":14,"href":"http:\/\/ogrzewania.net.pl\/en\/wp-json\/wp\/v2\/pages\/215\/revisions"}],"predecessor-version":[{"id":8621,"href":"http:\/\/ogrzewania.net.pl\/en\/wp-json\/wp\/v2\/pages\/215\/revisions\/8621"}],"wp:attachment":[{"href":"http:\/\/ogrzewania.net.pl\/en\/wp-json\/wp\/v2\/media?parent=215"}],"curies":[{"name":"wp","href":"https:\/\/api.w.org\/{rel}","templated":true}]}}