{"id":1049,"date":"2017-02-06T19:44:54","date_gmt":"2017-02-06T19:44:54","guid":{"rendered":"http:\/\/ogrzewania.net.pl\/shop\/product\/eberspaecher-airtronic-d4-plus-12v"},"modified":"2025-02-01T10:18:34","modified_gmt":"2025-02-01T10:18:34","slug":"eberspaecher-airtronic-d4-plus-12v","status":"publish","type":"product","link":"https:\/\/ogrzewania.net.pl\/en\/shop\/product\/eberspaecher-airtronic-d4-plus-12v","title":{"rendered":"Eberspaecher Airtronic D4 PLUS 12V"},"content":{"rendered":"<strong>Choose most suitable remonte unit:<\/strong><\/p>\n<div class=\"su-youtube su-u-responsive-media-yes\"><iframe loading=\"lazy\" width=\"800\" height=\"600\" src=\"https:\/\/www.youtube.com\/embed\/EZUNUc_fpqU?autohide=1&amp;autoplay=0&amp;mute=0&amp;controls=0&amp;fs=1&amp;loop=0&amp;modestbranding=0&amp;rel=0&amp;showinfo=0&amp;theme=light&amp;wmode=&amp;playsinline=0\" frameborder=\"0\" allowfullscreen allow=\"autoplay; encrypted-media; picture-in-picture\" title=\"\"><\/iframe><\/div>\n<p><strong>Photos overview:<\/strong><\/p>\n<div class=\"su-custom-gallery su-custom-gallery-align-left su-custom-gallery-title-never su-lightbox-gallery\"><div class=\"su-custom-gallery-slide\" style=\"width:140px;height:90px\"><a href=\"https:\/\/ogrzewania.net.pl\/wp-content\/uploads\/2016\/10\/DSC_0250-1.jpg\" title=\"DSC_0250\"><img loading=\"lazy\" decoding=\"async\" src=\"https:\/\/ogrzewania.net.pl\/wp-content\/uploads\/2016\/10\/DSC_0250-1-140x90.jpg\" alt=\"DSC_0250\" width=\"140\" height=\"90\" \/><span class=\"su-custom-gallery-title\">DSC_0250<\/span><\/a><\/div><div class=\"su-custom-gallery-slide\" style=\"width:140px;height:90px\"><a href=\"https:\/\/ogrzewania.net.pl\/wp-content\/uploads\/2016\/10\/DSC_0252-1.jpg\" title=\"DSC_0252\"><img loading=\"lazy\" decoding=\"async\" src=\"https:\/\/ogrzewania.net.pl\/wp-content\/uploads\/2016\/10\/DSC_0252-1-140x90.jpg\" alt=\"DSC_0252\" width=\"140\" height=\"90\" \/><span class=\"su-custom-gallery-title\">DSC_0252<\/span><\/a><\/div><div class=\"su-custom-gallery-slide\" style=\"width:140px;height:90px\"><a href=\"https:\/\/ogrzewania.net.pl\/wp-content\/uploads\/2016\/10\/DSC_0258-1.jpg\" title=\"DSC_0258\"><img loading=\"lazy\" decoding=\"async\" src=\"https:\/\/ogrzewania.net.pl\/wp-content\/uploads\/2016\/10\/DSC_0258-1-140x90.jpg\" alt=\"DSC_0258\" width=\"140\" height=\"90\" \/><span class=\"su-custom-gallery-title\">DSC_0258<\/span><\/a><\/div><div class=\"su-custom-gallery-slide\" style=\"width:140px;height:90px\"><a href=\"https:\/\/ogrzewania.net.pl\/wp-content\/uploads\/2016\/10\/DSC_0254-1.jpg\" title=\"DSC_0254\"><img loading=\"lazy\" decoding=\"async\" src=\"https:\/\/ogrzewania.net.pl\/wp-content\/uploads\/2016\/10\/DSC_0254-1-140x90.jpg\" alt=\"DSC_0254\" width=\"140\" height=\"90\" \/><span class=\"su-custom-gallery-title\">DSC_0254<\/span><\/a><\/div><div class=\"su-clear\"><\/div><\/div>\n<ul>\n<li>DHL delivery<\/li>\n<li>producer warranty<\/li>\n<li>available in our traditional shop in Poland<\/li>\n<li>we do offer installation service<\/li>\n<\/ul>","protected":false},"excerpt":{"rendered":"<p>&nbsp;<\/p>\n<ul>\n<li>dostawa kurier DHL<\/li>\n<li>gwarancja producenta<\/li>\n<li>mo\u017cliwo\u015b\u0107 zakupu w sklepie stacjonarnym<\/li>\n<\/ul>\n<h4><\/h4>\n<h4>Details:<\/h4>\n<h4>Heater Airtronic D4 \u00a0PLUS 12V<\/h4>\n<p>Second generation air heaters of 4 kW power dedicated to warm up cabins in trucks, minibuses, campers and yachts. Thanks to hight flow rate, heating unit allows to expand longer pipes (\u00d875 mm) of warmed up air. Heater meets wide range of standards including norms regulating heaters in ambulance.<\/p>\n<p>Functions:<\/p>\n<ul>\n<li>automatic, non-gradient temperature regulation<\/li>\n<li>high efficient level &#8220;Power&#8217; shortening heating time<\/li>\n<li>electronic, fluent regulation for blower revolution providing silent working mode and energy economization<\/li>\n<li>controler integrated with build-in TRS\/ADR function<\/li>\n<li>electronic control by microprocessor<\/li>\n<li>instant working control<\/li>\n<li>airing fuction for summer season<\/li>\n<li>faults&#8217; diagnosis system<\/li>\n<li>low breakdown rate and easy maintenance<\/li>\n<li>12V<\/li>\n<li>DIESEL<\/li>\n<li>dimensions 401 mm \/ 286 mm \/ 205 mm<\/li>\n<\/ul>\n<p>Controller must be purchased separately.<\/p>\n","protected":false},"featured_media":944,"template":"","meta":[],"pwb-brand":[462],"product_cat":[343,43,346],"product_tag":[],"brands":[{"id":462,"name":"Eberspacher","slug":"eberspacher"}],"_links":{"self":[{"href":"https:\/\/ogrzewania.net.pl\/en\/wp-json\/wp\/v2\/product\/1049"}],"collection":[{"href":"https:\/\/ogrzewania.net.pl\/en\/wp-json\/wp\/v2\/product"}],"about":[{"href":"https:\/\/ogrzewania.net.pl\/en\/wp-json\/wp\/v2\/types\/product"}],"wp:featuredmedia":[{"embeddable":true,"href":"https:\/\/ogrzewania.net.pl\/en\/wp-json\/wp\/v2\/media\/944"}],"wp:attachment":[{"href":"https:\/\/ogrzewania.net.pl\/en\/wp-json\/wp\/v2\/media?parent=1049"}],"wp:term":[{"taxonomy":"pwb-brand","embeddable":true,"href":"https:\/\/ogrzewania.net.pl\/en\/wp-json\/wp\/v2\/pwb-brand?post=1049"},{"taxonomy":"product_cat","embeddable":true,"href":"https:\/\/ogrzewania.net.pl\/en\/wp-json\/wp\/v2\/product_cat?post=1049"},{"taxonomy":"product_tag","embeddable":true,"href":"https:\/\/ogrzewania.net.pl\/en\/wp-json\/wp\/v2\/product_tag?post=1049"}],"curies":[{"name":"wp","href":"https:\/\/api.w.org\/{rel}","templated":true}]}}